{"id":78,"date":"2013-12-31T11:05:09","date_gmt":"2013-12-31T14:05:09","guid":{"rendered":"http:\/\/www.hectordufau.com.br\/wp\/?page_id=78"},"modified":"2025-03-10T10:42:55","modified_gmt":"2025-03-10T13:42:55","slug":"sobre","status":"publish","type":"page","link":"https:\/\/www.hectordufau.com.br\/wp\/?page_id=78","title":{"rendered":"Sobre"},"content":{"rendered":"<p><strong>Redes Sociais: <a title=\"Hector Dufau\" href=\"https:\/\/www.facebook.com\/hector.dufau\" target=\"_blank\" rel=\"noopener noreferrer\">Facebook<\/a> <\/strong><a title=\"Hector Dufau\" href=\"https:\/\/www.linkedin.com\/in\/hectordufau\" target=\"_blank\" rel=\"noopener noreferrer\"><strong>LinkedIn<\/strong><\/a><\/p>\n<p><strong>Curr\u00edculo e Portf\u00f3lio<\/strong>\u00a0<strong><a title=\"Curriculo e Portf\u00f3lio\" href=\"https:\/\/drive.google.com\/drive\/folders\/0B7FLLhEiyJf1TUZsWlJyZy1vR0E?resourcekey=0-BBA11PXJIqy2emo5IVl8Mw&amp;usp=sharing\" target=\"_blank\" rel=\"noopener noreferrer\">Google Drive<\/a> <a href=\"http:\/\/github.com\/hectordufau\">GitHub<\/a><\/strong><\/p>\n<p><strong>Forma\u00e7\u00e3o Acad\u00eamica<\/strong> <strong>\u00a0<\/strong><\/p>\n<p>Institui\u00e7\u00e3o:\u00a0Centro Universit\u00e1rio Anhanguera de S\u00e3o Paulo<br \/>Curso: MBA em Gest\u00e3o de Tecnologia da Informa\u00e7\u00e3o\u00a0&#8211; 2016 a 2017<br \/>Gradua\u00e7\u00e3o: MBA (Especializa\u00e7\u00e3o)<\/p>\n<p>Institui\u00e7\u00e3o:\u00a0Centro Universit\u00e1rio Anhanguera de S\u00e3o Paulo<br \/>Curso: MBA em Gest\u00e3o de Projetos\u00a0&#8211;\u00a02015 a 2016<br \/>Gradua\u00e7\u00e3o: MBA (Especializa\u00e7\u00e3o)<\/p>\n<p>Institui\u00e7\u00e3o: Universidade Est\u00e1cio de S\u00e1<br \/>Curso: P\u00f3s Gradua\u00e7\u00e3o em Engenharia e Arquitetura de Software &#8211; 2014\u00a0a 2015<br \/>Gradua\u00e7\u00e3o: Especializa\u00e7\u00e3o<\/p>\n<p>Institui\u00e7\u00e3o: Faculdade de Tecnologia de S\u00e3o Paulo (FATEC\/SP)<br \/>Curso: Tecnologia em An\u00e1lise e Desenvolvimento de Sistemas &#8211; 2008 a 2011<br \/>Gradua\u00e7\u00e3o: Tecn\u00f3logo <strong>\u00a0<\/strong> <strong>\u00a0<\/strong><\/p>\n<p><strong>Hist\u00f3rico Profissional<\/strong><\/p>\n<ul>\n<li>Ago 1975 &#8211; Natural de Porto Alegre\/RS.<\/li>\n<li>Jan 1998 &#8211; Iniciou suas atividades em tecnologia como Estagi\u00e1rio de Suporte T\u00e9cnico na empresa <a href=\"https:\/\/www.tmsa.ind.br\/\" target=\"_blank\" rel=\"noopener noreferrer\">TMSA &#8211; Tecnologia em Movimenta\u00e7\u00e3o S\/A<\/a>. Trabalhou no suporte \u00e0s esta\u00e7\u00f5es Windows for Workgroups 3.11, com migra\u00e7\u00e3o para Windows NT Workstation 4.0 e rede Novell Intranetware 4.11.<\/li>\n<li>Abr 1998 &#8211; Ainda como Estagi\u00e1rio de Suporte T\u00e9cnico, trabalhou na empresa <a href=\"http:\/\/www.processor.com.br\/\" target=\"_blank\" rel=\"noopener noreferrer\">Processor Inform\u00e1tica S\/A<\/a>, realizando suporte em campo, montagem e teste de computadores Compaq para entrega a clientes e prepara\u00e7\u00e3o das salas de aula para os Cursos Oficiais Microsoft.<\/li>\n<li>Dez 1998 &#8211; Inicia suas atividades como Professor na <a href=\"https:\/\/alcidesmaya.edu.br\/\" target=\"_blank\" rel=\"noopener noreferrer\">Escola T\u00e9cnica Alcides Maya<\/a>, no ensino das disciplinas de Comunica\u00e7\u00e3o de Dados e Sistemas Operacionais (Windows NT 4.0).<\/li>\n<li>Out 1999 &#8211; Passa a trabalhar como Professor das disciplinas de Sistemas Operacionais II (Windows 2000), Aplica\u00e7\u00f5es de Redes II (Linux e TCP\/IP) e Programa\u00e7\u00e3o Internet (MySQL, PHP, Apache e HTML) no curso T\u00e9cnico em Redes de Computadores do Centro de Treinamento Tecnol\u00f3gico Maxwell Educacional, e permanece nesta atividade at\u00e9 Abr de 2005.<\/li>\n<li>Nov 2003 &#8211; Retorna \u00e0\u00a0<a href=\"http:\/\/www.processor.com.br\/\" target=\"_blank\" rel=\"noopener noreferrer\">Processor Inform\u00e1tica S\/A<\/a> como Administrador de Redes Pleno, atuando nos clientes Avipal S\/A em 2003\/2004 \u00a0e na <a href=\"https:\/\/carrierdobrasil.com.br\/\" target=\"_blank\" rel=\"noopener noreferrer\">Springer Carrier<\/a> em 2004\/2005.<\/li>\n<li>Abr 2005 &#8211; Muda-se de Porto Alegre\/RS para Alagoinhas\/BA e posteriormente para Dias d&#8217;\u00c1vila\/BA.<\/li>\n<li>Set 2005 &#8211; Inicia suas atividades como Analista de Suporte na empresa <a href=\"http:\/\/www.tqsinfo.com.br\" target=\"_blank\" rel=\"noopener noreferrer\">TQS Inform\u00e1tica<\/a>, alocado dentro da <a href=\"http:\/\/www.contax.com.br\/\" target=\"_blank\" rel=\"noopener noreferrer\">Contax Contact Center<\/a>, site Com\u00e9rcio, realizado o suporte \u00e0 aplica\u00e7\u00e3o TLV, utilizada pela opera\u00e7\u00e3o Contax\/Credicard.<\/li>\n<li>Nov 2006 &#8211; Muda-se de Dias d&#8217;\u00c1vila\/BA para S\u00e3o Paulo\/SP.<\/li>\n<li>Fev 2007 &#8211; Inicia suas atividades como Gerente de Tecnologia no escrit\u00f3rio <a href=\"http:\/\/www.fragataeantunes.com.br\" target=\"_blank\" rel=\"noopener noreferrer\">Fragata e Antunes Advogados Associados<\/a>, coordenando a equipe de suporte distribu\u00edda nos escrit\u00f3rios de SP, RJ, BA, MG, RS e PR.<\/li>\n<li>Dez 2010 &#8211; Inicia suas atividades como Analista de Sistemas Pleno na <a href=\"http:\/\/www.cwi.com.br\/\" target=\"_blank\" rel=\"noopener noreferrer\">CWI Software<\/a>, atuando em projetos na <a href=\"http:\/\/www.odebrecht.com\/\" target=\"_blank\" rel=\"noopener noreferrer\">Odebrecht<\/a> e no <a href=\"http:\/\/www.walmart.com\" target=\"_blank\" rel=\"noopener noreferrer\">Walmart<\/a>.<\/li>\n<li>Jun 2011 &#8211; Transfere-se para a BSI Tecnologia, atuando como Analista de Sistemas S\u00eanior em projetos de sistemas internos do <a href=\"http:\/\/www.itau.com.br\/\" target=\"_blank\" rel=\"noopener noreferrer\">Banco Ita\u00fa S\/A<\/a>.<\/li>\n<li>Ago 2013 &#8211; Assume a fun\u00e7\u00e3o de Gerente de Projetos na ASTL Software Factory, atuando nos projetos para a <a title=\"MSC Cruzeiros\" href=\"http:\/\/www.msccruzeiros.com.br\/\" target=\"_blank\" rel=\"noopener noreferrer\">MSC Cruzeiros<\/a>, <a title=\"CETESB\" href=\"http:\/\/www.cetesb.sp.gov.br\/\" target=\"_blank\" rel=\"noopener noreferrer\">CETESB<\/a> (sistema <a title=\"SIGOR\" href=\"http:\/\/sigor.cetesb.sp.gov.br\/\" target=\"_blank\" rel=\"noopener noreferrer\">SIGOR<\/a>) e outras empresas.<\/li>\n<li>Ago 2014 &#8211; Inicia suas atividades como Gerente de Projetos na <a title=\"Magna Sistemas\" href=\"http:\/\/www.magnasistemas.com.br\/\" target=\"_blank\" rel=\"noopener noreferrer\">Magna Sistemas<\/a>, para atender as demandas da <a title=\"SEE-SP\" href=\"https:\/\/www.educacao.sp.gov.br\/\" target=\"_blank\" rel=\"noopener noreferrer\">Secretaria da Educa\u00e7\u00e3o\u00a0do Estado de S\u00e3o Paulo<\/a> e <a href=\"http:\/\/www.tce.sp.gov.br\" target=\"_blank\" rel=\"noopener noreferrer\">Tribunal de Contas do Estados de S\u00e3o Paulo<\/a>.<\/li>\n<li>Jan 2018 &#8211; Muda-se de S\u00e3o Paulo\/SP para Alagoinhas\/BA<\/li>\n<li>Jan 2018 &#8211; Inicia suas atividades como Chief Process Officer na empresa <a href=\"https:\/\/start.psi.br\/\" target=\"_blank\" rel=\"noopener noreferrer\">StartNet Digital<\/a>.<\/li>\n<li>Nov 2019 &#8211; Muda-se de Alagoinhas\/BA para S\u00e3o Paulo\/SP<\/li>\n<li>Fev 2020 &#8211; Inicia suas atividades como Gerente de Tecnologia da Informa\u00e7\u00e3o na empresa <a href=\"http:\/\/inpartsaude.com.br\" target=\"_blank\" rel=\"noopener\">Inpart Sa\u00fade<\/a><\/li>\n<li>Mai 2020 &#8211; Inicia suas atividades como Desenvolvedor PHP S\u00eanior na empresa Landmark TI para atender as demandas dos clientes <a href=\"http:\/\/prnewswire.com.br\/\" target=\"_blank\" rel=\"noopener\">PRNewswire<\/a> e <a href=\"http:\/\/alkc.org.br\" target=\"_blank\" rel=\"noopener\">ALKC<\/a>.<\/li>\n<li>Mar 2021 &#8211; Inicia suas atividades como Desenvolvedor S\u00eanior (PHP e Python) na empresa <a href=\"https:\/\/fcamara.com.br\/\" target=\"_blank\" rel=\"noopener\">FCamara<\/a> para atender as demandas do cliente <a href=\"https:\/\/drconsulta.com\/\" target=\"_blank\" rel=\"noopener\">DrConsulta<\/a>.<\/li>\n<li>Set 2021 &#8211; Inicia suas atividades como Arquiteto de Solu\u00e7\u00f5es na empresa <a href=\"https:\/\/www.burgerking.com.br\/\" target=\"_blank\" rel=\"noopener\">Burger King Brasil<\/a>.<\/li>\n<li>Set 2022 &#8211; Inicia suas atividades como\u00a0Arquiteto de Solu\u00e7\u00f5es na empresa <a href=\"https:\/\/www.trademaster.com.br\/\" target=\"_blank\" rel=\"noopener\">Trademaster<\/a>.<\/li>\n<li>Nov 2022 &#8211; Inicia suas atividades como Arquiteto de Solu\u00e7\u00f5es na empresa <a href=\"http:\/\/www.carrefour.com.br\" target=\"_blank\" rel=\"noopener\">Carrefour Brasil<\/a>.<\/li>\n<\/ul>\n\n\n<p><\/p>\n","protected":false},"excerpt":{"rendered":"<p>Redes Sociais: Facebook LinkedIn Curr\u00edculo e Portf\u00f3lio\u00a0Google Drive GitHub Forma\u00e7\u00e3o Acad\u00eamica \u00a0 Institui\u00e7\u00e3o:\u00a0Centro Universit\u00e1rio Anhanguera de S\u00e3o PauloCurso: MBA em Gest\u00e3o de Tecnologia da Informa\u00e7\u00e3o\u00a0&#8211; 2016 a 2017Gradua\u00e7\u00e3o: MBA (Especializa\u00e7\u00e3o) Institui\u00e7\u00e3o:\u00a0Centro Universit\u00e1rio Anhanguera de S\u00e3o PauloCurso: MBA em Gest\u00e3o de [&hellip;]<\/p>\n","protected":false},"author":1,"featured_media":0,"parent":0,"menu_order":0,"comment_status":"closed","ping_status":"open","template":"","meta":{"jetpack_post_was_ever_published":false,"footnotes":""},"class_list":["post-78","page","type-page","status-publish","hentry"],"jetpack_sharing_enabled":true,"jetpack_shortlink":"https:\/\/wp.me\/P4cTO8-1g","jetpack_likes_enabled":true,"_links":{"self":[{"href":"https:\/\/www.hectordufau.com.br\/wp\/index.php?rest_route=\/wp\/v2\/pages\/78","targetHints":{"allow":["GET"]}}],"collection":[{"href":"https:\/\/www.hectordufau.com.br\/wp\/index.php?rest_route=\/wp\/v2\/pages"}],"about":[{"href":"https:\/\/www.hectordufau.com.br\/wp\/index.php?rest_route=\/wp\/v2\/types\/page"}],"author":[{"embeddable":true,"href":"https:\/\/www.hectordufau.com.br\/wp\/index.php?rest_route=\/wp\/v2\/users\/1"}],"replies":[{"embeddable":true,"href":"https:\/\/www.hectordufau.com.br\/wp\/index.php?rest_route=%2Fwp%2Fv2%2Fcomments&post=78"}],"version-history":[{"count":43,"href":"https:\/\/www.hectordufau.com.br\/wp\/index.php?rest_route=\/wp\/v2\/pages\/78\/revisions"}],"predecessor-version":[{"id":4678,"href":"https:\/\/www.hectordufau.com.br\/wp\/index.php?rest_route=\/wp\/v2\/pages\/78\/revisions\/4678"}],"wp:attachment":[{"href":"https:\/\/www.hectordufau.com.br\/wp\/index.php?rest_route=%2Fwp%2Fv2%2Fmedia&parent=78"}],"curies":[{"name":"wp","href":"https:\/\/api.w.org\/{rel}","templated":true}]}}